{"id":37089,"date":"2022-10-13T10:18:21","date_gmt":"2022-10-13T08:18:21","guid":{"rendered":"https:\/\/starsbeoriginal.com\/politique-de-confidentialite\/"},"modified":"2023-02-20T20:29:21","modified_gmt":"2023-02-20T19:29:21","slug":"politique-de-confidentialite","status":"publish","type":"page","link":"https:\/\/starsbeoriginal.com\/fr\/politique-de-confidentialite\/","title":{"rendered":"Politique de confidentialit\u00e9"},"content":{"rendered":"\t\t<div data-elementor-type=\"wp-page\" data-elementor-id=\"37089\" class=\"elementor elementor-37089 elementor-28882\" data-elementor-post-type=\"page\">\n\t\t\t\t\t\t<section class=\"elementor-section elementor-top-section elementor-element elementor-element-d5983f4 elementor-section-boxed elementor-section-height-default elementor-section-height-default\" data-id=\"d5983f4\" data-element_type=\"section\" data-e-type=\"section\">\n\t\t\t\t\t\t<div class=\"elementor-container elementor-column-gap-no\">\n\t\t\t\t\t<div class=\"elementor-column elementor-col-100 elementor-top-column elementor-element elementor-element-5ff6dab\" data-id=\"5ff6dab\" data-element_type=\"column\" data-e-type=\"column\">\n\t\t\t<div class=\"elementor-widget-wrap elementor-element-populated\">\n\t\t\t\t\t\t<div class=\"elementor-element elementor-element-7ef5bfe elementor-widget elementor-widget-heading\" data-id=\"7ef5bfe\" data-element_type=\"widget\" data-e-type=\"widget\" data-widget_type=\"heading.default\">\n\t\t\t\t<div class=\"elementor-widget-container\">\n\t\t\t\t\t<h1 class=\"elementor-heading-title elementor-size-default\">Politique de confidentialit\u00e9<\/h1>\t\t\t\t<\/div>\n\t\t\t\t<\/div>\n\t\t\t\t<div class=\"elementor-element elementor-element-38445e1 elementor-widget elementor-widget-text-editor\" data-id=\"38445e1\" data-element_type=\"widget\" data-e-type=\"widget\" data-widget_type=\"text-editor.default\">\n\t\t\t\t<div class=\"elementor-widget-container\">\n\t\t\t\t\t\t\t\t\t<p><strong>POLITIQUE DE CONFIDENTIALIT\u00c9<\/strong><\/p><p>Starswiss2013 SA, dont le si\u00e8ge social est situ\u00e9 Corso San Gottardo 54\/A, 6830 Chiasso (Suisse), en sa qualit\u00e9 de Contr\u00f4leur des donn\u00e9es conform\u00e9ment \u00e0 la l\u00e9gislation italienne pro tempore applicable en mati\u00e8re de protection des donn\u00e9es (la \u00a0\u00bb L\u00e9gislation nationale \u00ab\u00a0) et au R\u00e8glement UE 679\/2016 &#8211; R\u00e8glement g\u00e9n\u00e9ral sur la protection des donn\u00e9es (\u00a0\u00bb RGPD \u00ab\u00a0) (ci-apr\u00e8s, la L\u00e9gislation nationale et le RGPD sont collectivement d\u00e9sign\u00e9s comme la \u00a0\u00bb L\u00e9gislation applicable \u00ab\u00a0), reconna\u00eet l&rsquo;importance de la protection des donn\u00e9es personnelles et consid\u00e8re sa protection comme l&rsquo;un des principaux objectifs de son activit\u00e9.<\/p><p>Avant de communiquer toute donn\u00e9e personnelle, Starswiss2013 SA vous invite \u00e0 lire attentivement la pr\u00e9sente politique de confidentialit\u00e9 (\u00a0\u00bb Politique de confidentialit\u00e9 \u00ab\u00a0), car elle contient des informations importantes sur la protection des donn\u00e9es personnelles et les mesures de s\u00e9curit\u00e9 adopt\u00e9es pour assurer leur confidentialit\u00e9 dans le plein respect de la Loi applicable. En outre, la pr\u00e9sente politique de confidentialit\u00e9:<\/p><ul><li>s&rsquo;applique uniquement au site web <a href=\"\/\">http:\/\/www.starsbeoriginal.com\/it\/<\/a> (\u00ab\u00a0Site\u00a0\u00bb) et ne s&rsquo;applique pas aux autres sites web qui peuvent \u00eatre consult\u00e9s par le biais de liens externes;<\/li><li>doit \u00eatre compris comme une information fournie en vertu de l&rsquo;art. 13 de la l\u00e9gislation applicable \u00e0 ceux qui interagissent avec le site;<\/li><li>est conforme \u00e0 la recommandation no. 2\/2001 sur les exigences minimales pour la collecte de donn\u00e9es en ligne dans l&rsquo;Union europ\u00e9enne, adopt\u00e9 le 17 mai 2001 par le groupe de travail Article 29.<\/li><\/ul><p>Starswiss2013 SA vous informe que vos donn\u00e9es personnelles seront trait\u00e9es conform\u00e9ment aux principes de l\u00e9galit\u00e9, de loyaut\u00e9, de transparence, de limitation de la finalit\u00e9 et de stockage, de minimisation des donn\u00e9es, d&rsquo;exactitude, d&rsquo;int\u00e9grit\u00e9 et de confidentialit\u00e9. Vos donn\u00e9es personnelles seront donc trait\u00e9es conform\u00e9ment aux dispositions l\u00e9gales de la L\u00e9gislation Applicable et aux obligations de confidentialit\u00e9 qui y sont stipul\u00e9es.<\/p><p><strong>1.CONTR\u00d4LEUR DES DONN\u00c9ES<\/strong><\/p><p>A la lumi\u00e8re de la Loi Applicable, le contr\u00f4leur de donn\u00e9es du Site est Starswiss2013 SA tel que d\u00e9fini ci-dessus.<\/p><p><strong>2.DONN\u00c9ES PERSONNELLES FAISANT L&rsquo;OBJET DU TRAITEMENT<\/strong><\/p><p>Le terme \u00ab\u00a0Donn\u00e9es \u00e0 caract\u00e8re personnel\u00a0\u00bb d\u00e9signe toute information relative \u00e0 une personne physique identifi\u00e9e ou identifiable avec une r\u00e9f\u00e9rence particuli\u00e8re \u00e0 un identifiant tel qu&rsquo;un nom, un num\u00e9ro d&rsquo;identification, des donn\u00e9es de localisation, un identifiant en ligne ou \u00e0 un ou plusieurs \u00e9l\u00e9ments caract\u00e9ristiques de l&rsquo;identit\u00e9 physique, physiologique, psychologique, \u00e9conomique, culturelle ou sociale de cette personne.<\/p><p>Les Donn\u00e9es Personnelles collect\u00e9es par le Site sont les suivantes:<\/p><p><strong>a)Donn\u00e9es de navigation<\/strong><\/p><p>Les syst\u00e8mes informatiques du Site collectent certaines Donn\u00e9es Personnelles dont la transmission est implicite dans l&rsquo;utilisation des protocoles de communication Internet. Ces informations ne sont pas collect\u00e9es dans le but d&rsquo;\u00eatre associ\u00e9es \u00e0 l&rsquo;utilisateur, mais de par leur nature m\u00eame, elles pourraient, par le biais de traitements et d&rsquo;associations avec des donn\u00e9es d\u00e9tenues par des tiers, permettre d&rsquo;identifier l&rsquo;utilisateur. Parmi ceux-ci figurent les adresses IP ou les noms de domaine des dispositifs utilis\u00e9s pour vous connecter au site, les adresses URI (Uniform Resource Identifier) des ressources demand\u00e9es, l&rsquo;heure de la demande, la m\u00e9thode utilis\u00e9e pour soumettre la demande au serveur, la taille du fichier obtenu en r\u00e9ponse, le code num\u00e9rique indiquant l&rsquo;\u00e9tat de la r\u00e9ponse donn\u00e9e par le serveur (succ\u00e8s, erreur, etc.) et d&rsquo;autres param\u00e8tres relatifs \u00e0 votre syst\u00e8me d&rsquo;exploitation et \u00e0 votre environnement informatique.<\/p><p>Ces donn\u00e9es sont utilis\u00e9es dans le but d&rsquo;obtenir des informations statistiques anonymes sur l&rsquo;utilisation du Site et pour en v\u00e9rifier le bon fonctionnement ; pour permettre &#8211; compte tenu de l&rsquo;architecture des syst\u00e8mes utilis\u00e9s &#8211; la fourniture correcte des diff\u00e9rentes fonctions demand\u00e9es par l&rsquo;Utilisateur, pour des raisons de s\u00e9curit\u00e9 et pour d\u00e9terminer les responsabilit\u00e9s en cas d&rsquo;hypoth\u00e9tiques d\u00e9lits informatiques au d\u00e9triment du Site ou de tiers, et sont effac\u00e9es apr\u00e8s 7 jours.<\/p><p><strong>b)Donn\u00e9es fournies volontairement<\/strong><\/p><p>Par le biais du site, l&rsquo;utilisateur peut fournir volontairement des donn\u00e9es personnelles telles que son nom et son adresse \u00e9lectronique afin de contacter Starswiss2013 SA.<\/p><p>Starswiss2013 SA traitera ces donn\u00e9es conform\u00e9ment \u00e0 la r\u00e9glementation applicable, en supposant qu&rsquo;elles concernent l&rsquo;utilisateur ou des tiers qui ont express\u00e9ment autoris\u00e9 l&rsquo;utilisateur \u00e0 les fournir sur la base d&rsquo;une base juridique appropri\u00e9e l\u00e9gitimant le traitement des donn\u00e9es en question. Par rapport \u00e0 ces hypoth\u00e8ses, l&rsquo;Utilisateur agit en tant que responsable autonome du traitement des donn\u00e9es, assumant ainsi toutes les obligations et responsabilit\u00e9s de la loi. En ce sens, vous accordez \u00e0 Starswiss la plus large indemnisation possible pour tout litige, r\u00e9clamation, demande d&rsquo;indemnisation pour des dommages caus\u00e9s par le traitement, etc. que Starswiss2013 SA peut recevoir de la part de tiers dont les Donn\u00e9es Personnelles ont \u00e9t\u00e9 trait\u00e9es par votre utilisation du Site en violation de la R\u00e9glementation Applicable.<\/p><p><strong>c)Cookies et technologies connexes<\/strong><\/p><p>Starswiss2013 SA collecte des informations personnelles par le biais de cookies. De plus amples informations sur l&rsquo;utilisation des cookies et des technologies connexes sont disponibles dans la <a href=\"\/fr\/politique-de-cookies\/\">politique en mati\u00e8re de cookies<\/a>.<\/p><p><strong>3.FINALIT\u00c9, BASE JURIDIQUE ET CARACT\u00c8RE OBLIGATOIRE OU FACULTATIF DU TRAITEMENT<\/strong><\/p><p>Les Donn\u00e9es Personnelles que l&rsquo;Utilisateur fournit par le biais du Site seront trait\u00e9es par Starswiss2013 SA aux fins suivantes:<\/p><ol><li>des fins li\u00e9es \u00e0 l&rsquo;ex\u00e9cution d&rsquo;un contrat auquel l&rsquo;utilisateur est partie ou \u00e0 l&rsquo;ex\u00e9cution de mesures pr\u00e9contractuelles prises \u00e0 votre demande (par exemple : demande de contact via le formulaire Nous \u00e9crire);<\/li><li>\u00e0 des fins de recherche\/analyse statistique sur des donn\u00e9es agr\u00e9g\u00e9es ou anonymes, sans donc la possibilit\u00e9 d&rsquo;identifier l&rsquo;Utilisateur, visant \u00e0 mesurer le fonctionnement du Site, \u00e0 mesurer le trafic et \u00e0 \u00e9valuer la convivialit\u00e9 et l&rsquo;int\u00e9r\u00eat;<\/li><li>des fins li\u00e9es \u00e0 l&rsquo;ex\u00e9cution d&rsquo;une obligation l\u00e9gale \u00e0 laquelle Starswiss2013 SA est soumise;<\/li><li>les finalit\u00e9s n\u00e9cessaires \u00e0 la constatation, l&rsquo;exercice ou la d\u00e9fense d&rsquo;un droit en justice ou lorsque les autorit\u00e9s judiciaires exercent leurs fonctions juridictionnelles.<\/li><\/ol><p>La base juridique du traitement des Donn\u00e9es \u00e0 caract\u00e8re personnel aux fins vis\u00e9es au point a) est la fourniture d&rsquo;un service ou la r\u00e9ponse \u00e0 une demande qui ne n\u00e9cessite pas de consentement en vertu du droit applicable. L&rsquo;objectif vis\u00e9 au point b) n&rsquo;implique pas le traitement de Donn\u00e9es Personnelles, alors que les finalit\u00e9s vis\u00e9es aux points c) et d) repr\u00e9senter un traitement l\u00e9gitime des Donn\u00e9es Personnelles au sens de la L\u00e9gislation Applicable puisque, une fois les Donn\u00e9es Personnelles fournies, le traitement est effectivement n\u00e9cessaire pour remplir une obligation l\u00e9gale \u00e0 laquelle Starswiss2013 SA est soumise ou pour exercer son droit de d\u00e9fense en justice. La fourniture des donn\u00e9es personnelles aux fins \u00e9num\u00e9r\u00e9es ci-dessus est facultative, mais le fait de ne pas les fournir peut rendre impossible la r\u00e9ponse \u00e0 une demande ou le respect d&rsquo;une obligation l\u00e9gale \u00e0 laquelle Starswiss2013 SA peut \u00eatre soumise.<\/p><p><strong>4.LES DESTINATAIRES<\/strong><\/p><p>Les Donn\u00e9es Personnelles de l&rsquo;Utilisateur peuvent \u00eatre partag\u00e9es, aux fins sp\u00e9cifi\u00e9es au point 3, avec:<\/p><ol><li>les personnes n\u00e9cessaires \u00e0 la fourniture des services offerts par le site, y compris, \u00e0 titre d&rsquo;exemple, l&rsquo;envoi de courriers \u00e9lectroniques et l&rsquo;analyse du fonctionnement du site, qui agissent g\u00e9n\u00e9ralement en tant que responsables du traitement des donn\u00e9es de Starswiss2013 SA;<\/li><li>les personnes autoris\u00e9es par Starswiss2013 SA \u00e0 traiter les donn\u00e9es personnelles, qui se sont engag\u00e9es \u00e0 respecter la confidentialit\u00e9 ou qui sont soumises \u00e0 une obligation l\u00e9gale appropri\u00e9e de confidentialit\u00e9 (par exemple, les employ\u00e9s et les contractants de Starswiss2013 SA);<\/li><li>les autorit\u00e9s judiciaires dans l&rsquo;exercice de leurs fonctions lorsque le droit applicable l&rsquo;exige.<\/li><\/ol><p><strong>5.TRANSFERTS<\/strong><\/p><p>Certaines de vos donn\u00e9es personnelles sont transf\u00e9r\u00e9es \u00e0 des destinataires qui peuvent \u00eatre situ\u00e9s en dehors de l&rsquo;Espace \u00e9conomique europ\u00e9en. Starswiss2013 SA s&rsquo;assure que le traitement \u00e9lectronique et papier de vos Donn\u00e9es Personnelles par les Destinataires est effectu\u00e9 en conformit\u00e9 avec le Droit Applicable. De plus amples informations et des copies de ces accords peuvent \u00eatre obtenues aupr\u00e8s du contr\u00f4leur des donn\u00e9es.<\/p><p><strong>6.STOCKAGE DES DONN\u00c9ES<\/strong><\/p><p>Starswiss2013 SA traitera les Donn\u00e9es Personnelles de l&rsquo;Utilisateur pour la dur\u00e9e strictement n\u00e9cessaire \u00e0 la r\u00e9alisation des objectifs \u00e9nonc\u00e9s \u00e0 l&rsquo;article 3. Nonobstant ce qui pr\u00e9c\u00e8de, Starswiss2013 SA traitera les Donn\u00e9es personnelles de l&rsquo;Utilisateur aussi longtemps que le permet la loi italienne pour prot\u00e9ger ses int\u00e9r\u00eats (Artt. 2946 et 2947(1)(3) c.c.). De plus amples informations concernant la p\u00e9riode de conservation des donn\u00e9es personnelles et les crit\u00e8res utilis\u00e9s pour d\u00e9terminer cette p\u00e9riode peuvent \u00eatre demand\u00e9es en \u00e9crivant au contr\u00f4leur des donn\u00e9es.<\/p><p><strong>7.VOS DROITS<\/strong><\/p><p>Dans les limites de la R\u00e9glementation Applicable, vous avez le droit de demander \u00e0 Starswiss2013 SA, \u00e0 tout moment, l&rsquo;acc\u00e8s \u00e0 vos Donn\u00e9es Personnelles, leur rectification ou leur effacement ou de vous opposer \u00e0 leur traitement, la restriction de leur traitement ainsi que d&rsquo;obtenir dans un format structur\u00e9, couramment utilis\u00e9 et lisible par machine les donn\u00e9es vous concernant.<\/p><p>Les demandes doivent \u00eatre adress\u00e9es par courrier \u00e9lectronique \u00e0: <a href=\"mailto:privacy@starsbeoriginal.com\">privacy@starsbeoriginal.com<\/a><\/p><p>Conform\u00e9ment \u00e0 la L\u00e9gislation Applicable, l&rsquo;Utilisateur a en tout cas le droit d&rsquo;introduire une plainte aupr\u00e8s du Garante per la Protezione dei Dati Personali s&rsquo;il consid\u00e8re que le traitement de ses Donn\u00e9es Personnelles est contraire \u00e0 la L\u00e9gislation Applicable.<\/p><p><strong>8.AMENDEMENTS<\/strong><\/p><p>La pr\u00e9sente politique de confidentialit\u00e9 est en vigueur depuis le 31 juillet 2018.<\/p><p>Starswiss2013 SA se r\u00e9serve le droit de modifier ou de mettre \u00e0 jour son contenu, en partie ou en totalit\u00e9, y compris en raison de changements dans la loi applicable. Starswiss2013 SA s&rsquo;engage \u00e0 informer l&rsquo;Utilisateur de ces modifications d\u00e8s qu&rsquo;elles sont introduites et seront contraignantes d\u00e8s leur publication sur le Site. Starswiss2013 SA invite donc l&rsquo;utilisateur \u00e0 visiter r\u00e9guli\u00e8rement cette section pour prendre connaissance de la version la plus r\u00e9cente et mise \u00e0 jour de la Politique de confidentialit\u00e9 afin que l&rsquo;utilisateur soit toujours au courant des donn\u00e9es collect\u00e9es et de l&rsquo;utilisation qui en est faite par le Responsable du traitement.<\/p>\t\t\t\t\t\t\t\t<\/div>\n\t\t\t\t<\/div>\n\t\t\t\t\t<\/div>\n\t\t<\/div>\n\t\t\t\t\t<\/div>\n\t\t<\/section>\n\t\t\t\t<\/div>\n\t\t","protected":false},"excerpt":{"rendered":"<p>Politique de confidentialit\u00e9 POLITIQUE DE CONFIDENTIALIT\u00c9 Starswiss2013 SA, dont le si\u00e8ge social est situ\u00e9 Corso San Gottardo 54\/A, 6830 Chiasso (Suisse), en sa qualit\u00e9 de Contr\u00f4leur des donn\u00e9es conform\u00e9ment \u00e0 la l\u00e9gislation italienne pro tempore applicable en mati\u00e8re de protection des donn\u00e9es (la \u00a0\u00bb L\u00e9gislation nationale \u00ab\u00a0) et au R\u00e8glement UE 679\/2016 &#8211; R\u00e8glement g\u00e9n\u00e9ral [&hellip;]<\/p>\n","protected":false},"author":2,"featured_media":0,"parent":0,"menu_order":0,"comment_status":"closed","ping_status":"closed","template":"elementor_header_footer","meta":{"site-sidebar-layout":"no-sidebar","site-content-layout":"page-builder","ast-site-content-layout":"default","site-content-style":"default","site-sidebar-style":"default","ast-global-header-display":"","ast-banner-title-visibility":"","ast-main-header-display":"","ast-hfb-above-header-display":"","ast-hfb-below-header-display":"","ast-hfb-mobile-header-display":"","site-post-title":"disabled","ast-breadcrumbs-content":"","ast-featured-img":"disabled","footer-sml-layout":"","ast-disable-related-posts":"","theme-transparent-header-meta":"","adv-header-id-meta":"","stick-header-meta":"","header-above-stick-meta":"","header-main-stick-meta":"","header-below-stick-meta":"","astra-migrate-meta-layouts":"default","ast-page-background-enabled":"default","ast-page-background-meta":{"desktop":{"background-color":"var(--ast-global-color-4)","background-image":"","background-repeat":"repeat","background-position":"center center","background-size":"auto","background-attachment":"scroll","background-type":"","background-media":"","overlay-type":"","overlay-color":"","overlay-opacity":"","overlay-gradient":""},"tablet":{"background-color":"","background-image":"","background-repeat":"repeat","background-position":"center center","background-size":"auto","background-attachment":"scroll","background-type":"","background-media":"","overlay-type":"","overlay-color":"","overlay-opacity":"","overlay-gradient":""},"mobile":{"background-color":"","background-image":"","background-repeat":"repeat","background-position":"center center","background-size":"auto","background-attachment":"scroll","background-type":"","background-media":"","overlay-type":"","overlay-color":"","overlay-opacity":"","overlay-gradient":""}},"ast-content-background-meta":{"desktop":{"background-color":"var(--ast-global-color-5)","background-image":"","background-repeat":"repeat","background-position":"center center","background-size":"auto","background-attachment":"scroll","background-type":"","background-media":"","overlay-type":"","overlay-color":"","overlay-opacity":"","overlay-gradient":""},"tablet":{"background-color":"var(--ast-global-color-5)","background-image":"","background-repeat":"repeat","background-position":"center center","background-size":"auto","background-attachment":"scroll","background-type":"","background-media":"","overlay-type":"","overlay-color":"","overlay-opacity":"","overlay-gradient":""},"mobile":{"background-color":"var(--ast-global-color-5)","background-image":"","background-repeat":"repeat","background-position":"center center","background-size":"auto","background-attachment":"scroll","background-type":"","background-media":"","overlay-type":"","overlay-color":"","overlay-opacity":"","overlay-gradient":""}},"footnotes":""},"class_list":["post-37089","page","type-page","status-publish","hentry"],"_links":{"self":[{"href":"https:\/\/starsbeoriginal.com\/fr\/wp-json\/wp\/v2\/pages\/37089","targetHints":{"allow":["GET"]}}],"collection":[{"href":"https:\/\/starsbeoriginal.com\/fr\/wp-json\/wp\/v2\/pages"}],"about":[{"href":"https:\/\/starsbeoriginal.com\/fr\/wp-json\/wp\/v2\/types\/page"}],"author":[{"embeddable":true,"href":"https:\/\/starsbeoriginal.com\/fr\/wp-json\/wp\/v2\/users\/2"}],"replies":[{"embeddable":true,"href":"https:\/\/starsbeoriginal.com\/fr\/wp-json\/wp\/v2\/comments?post=37089"}],"version-history":[{"count":4,"href":"https:\/\/starsbeoriginal.com\/fr\/wp-json\/wp\/v2\/pages\/37089\/revisions"}],"predecessor-version":[{"id":37559,"href":"https:\/\/starsbeoriginal.com\/fr\/wp-json\/wp\/v2\/pages\/37089\/revisions\/37559"}],"wp:attachment":[{"href":"https:\/\/starsbeoriginal.com\/fr\/wp-json\/wp\/v2\/media?parent=37089"}],"curies":[{"name":"wp","href":"https:\/\/api.w.org\/{rel}","templated":true}]}}