{"id":37095,"date":"2022-10-13T10:18:39","date_gmt":"2022-10-13T08:18:39","guid":{"rendered":"https:\/\/starsbeoriginal.com\/politique-de-cookies\/"},"modified":"2024-03-08T15:35:47","modified_gmt":"2024-03-08T14:35:47","slug":"politique-de-cookies","status":"publish","type":"page","link":"https:\/\/starsbeoriginal.com\/fr\/politique-de-cookies\/","title":{"rendered":"Politique de cookies"},"content":{"rendered":"\t\t<div data-elementor-type=\"wp-page\" data-elementor-id=\"37095\" class=\"elementor elementor-37095 elementor-28884\" data-elementor-post-type=\"page\">\n\t\t\t\t\t\t<section class=\"elementor-section elementor-top-section elementor-element elementor-element-1ea5325 elementor-section-boxed elementor-section-height-default elementor-section-height-default\" data-id=\"1ea5325\" data-element_type=\"section\" data-e-type=\"section\">\n\t\t\t\t\t\t<div class=\"elementor-container elementor-column-gap-no\">\n\t\t\t\t\t<div class=\"elementor-column elementor-col-100 elementor-top-column elementor-element elementor-element-d181a49\" data-id=\"d181a49\" data-element_type=\"column\" data-e-type=\"column\">\n\t\t\t<div class=\"elementor-widget-wrap elementor-element-populated\">\n\t\t\t\t\t\t<div class=\"elementor-element elementor-element-d398ba3 elementor-widget elementor-widget-heading\" data-id=\"d398ba3\" data-element_type=\"widget\" data-e-type=\"widget\" data-widget_type=\"heading.default\">\n\t\t\t\t<div class=\"elementor-widget-container\">\n\t\t\t\t\t<h1 class=\"elementor-heading-title elementor-size-default\">Politique de cookies<\/h1>\t\t\t\t<\/div>\n\t\t\t\t<\/div>\n\t\t\t\t<div class=\"elementor-element elementor-element-1b6c663 elementor-widget elementor-widget-text-editor\" data-id=\"1b6c663\" data-element_type=\"widget\" data-e-type=\"widget\" data-widget_type=\"text-editor.default\">\n\t\t\t\t<div class=\"elementor-widget-container\">\n\t\t\t\t\t\t\t\t\t<p>La pr\u00e9sente politique en mati\u00e8re de cookies fait partie int\u00e9grante de la politique de confidentialit\u00e9 de Starswiss2013 SA disponible <a href=\"https:\/\/starsbeoriginal.com\/fr\/politique-de-confidentialite\/\">ici<\/a>.<\/p>\n<p><strong>1.D\u00c9FINITIONS ET CARACT\u00c9RISTIQUES DES COOKIES<\/strong><\/p>\n<p>Les cookies et les technologies connexes sont des \u00e9l\u00e9ments d&rsquo;information que les sites web et les applis envoient ou lisent sur vos appareils lorsque vous les visitez pour la premi\u00e8re fois, et qui sont ensuite retransmis \u00e0 ces m\u00eames sites et applis lors de votre prochaine visite.<\/p>\n<p>C&rsquo;est gr\u00e2ce \u00e0 ces technologies que les sites et les applis se souviennent des actions et des pr\u00e9f\u00e9rences (par exemple, les donn\u00e9es de connexion, le choix de la langue, la taille de la police, les autres param\u00e8tres d&rsquo;affichage, etc.) afin qu&rsquo;il ne soit pas n\u00e9cessaire de les indiquer \u00e0 nouveau lors de votre prochaine visite. Ces technologies sont utilis\u00e9es pour effectuer l&rsquo;authentification de l&rsquo;ordinateur, surveiller les sessions et stocker des informations concernant les activit\u00e9s des utilisateurs acc\u00e9dant \u00e0 un service, et peuvent \u00e9galement contenir un code d&rsquo;identification unique permettant de suivre la navigation de l&rsquo;utilisateur sur le site \u00e0 des fins statistiques ou publicitaires.<\/p>\n<p>Il existe en effet diff\u00e9rents types de cookies qui, en fonction de leurs caract\u00e9ristiques et de leurs fonctions, peuvent persister sur votre appareil pendant des p\u00e9riodes de temps diff\u00e9rentes : les cookies dits de session, qui sont automatiquement supprim\u00e9s lorsque vous fermez votre navigateur ; et les cookies dits persistants, qui restent sur votre appareil jusqu&rsquo;\u00e0 un moment pr\u00e9d\u00e9termin\u00e9.<\/p>\n<p>Conform\u00e9ment \u00e0 la l\u00e9gislation applicable, votre consentement pr\u00e9alable \u00e0 l&rsquo;utilisation de cookies n&rsquo;est pas toujours requis. En particulier, ce consentement n&rsquo;est pas requis pour les \u00ab\u00a0cookies techniques\u00a0\u00bb, par exemple ceux utilis\u00e9s dans le seul but d&rsquo;acheminer une communication sur un r\u00e9seau de communication \u00e9lectronique, ou strictement n\u00e9cessaires pour fournir un service express\u00e9ment demand\u00e9 par vous. En d&rsquo;autres termes, les cookies qui sont indispensables au fonctionnement d&rsquo;un site.<\/p>\n<p>En revanche, le consentement pr\u00e9alable de l&rsquo;Utilisateur est requis pour les cookies \u00a0\u00bb analytiques \u00a0\u00bb non anonymes et pour les cookies de profilage, par exemple ceux qui fournissent des analyses statistiques sur l&rsquo;utilisation d&rsquo;un site web ou qui cr\u00e9ent des profils d&rsquo;utilisateurs afin de leur envoyer des messages publicitaires en fonction des pr\u00e9f\u00e9rences qu&rsquo;ils ont exprim\u00e9es lors de leur navigation.<\/p>\n<p><strong>2.LES TYPES DE COOKIES UTILIS\u00c9S ET LA POSSIBILIT\u00c9 DE LES D\u00c9S\u00c9LECTIONNER<\/strong><\/p>\n<p>Lors de la navigation sur le Site, l&rsquo;Utilisateur recevra les cookies suivants:<\/p>\n<p>Les cookies tiers, c&rsquo;est-\u00e0-dire les cookies provenant de diff\u00e9rents sites ou serveurs tiers et donc diff\u00e9rents de ceux de Starswiss2013 SA. Veuillez noter que ces tiers, \u00e9num\u00e9r\u00e9s ci-dessous avec les liens correspondants vers leurs politiques de confidentialit\u00e9 et leurs m\u00e9canismes d&rsquo;exclusion, traitent vos Donn\u00e9es personnelles en tant que contr\u00f4leur de donn\u00e9es pour le compte de Starswiss2013 SA. Les cookies tiers sont:<\/p>\n<p><strong>\u2013 Google Analytics.<\/strong> Ces cookies sont utilis\u00e9s pour analyser et am\u00e9liorer le fonctionnement du site. Pour d\u00e9sactiver les cookies de Google Analytics, vous pouvez t\u00e9l\u00e9charger et installer le module compl\u00e9mentaire de navigateur \u00ab\u00a0opt-out\u00a0\u00bb fourni par Google Analytics. Ce module compl\u00e9mentaire demande au code javascript de Google Analytics (ga.js, analytics.js et dc.js) d&#8217;emp\u00eacher l&rsquo;envoi d&rsquo;informations \u00e0 Google Analytics. Le module compl\u00e9mentaire est disponible pour les navigateurs les plus couramment utilis\u00e9s. Pour plus d&rsquo;informations sur le module compl\u00e9mentaire de d\u00e9sactivation de Google Analytics, cliquez <a href=\"https:\/\/tools.google.com\/dlpage\/gaoptout\" target=\"_blank\" rel=\"noopener\">ici<\/a><\/p>\n<p><strong>\u2013YSC.<\/strong> Questo cookie viene impostato da YouTube per monitorare le visualizzazioni dei video incorporati.<\/p>\n<p><strong>\u2013VISITOR_INFO1_LIVE.<\/strong> Questo cookie viene impostato da Youtube per tenere traccia delle preferenze degli utenti per i video di Youtube incorporati nei siti; pu\u00f2 anche determinare se il visitatore del sito web sta utilizzando la nuova o la vecchia versione dell&rsquo;interfaccia di Youtube.<\/p>\n<p><strong>\u2013NID.<\/strong> Questo cookie viene impostato da DoubleClick (di propriet\u00e0 di Google) per aiutare a costruire un profilo degli interessi dell&rsquo;utente e mostrargli annunci pertinenti su altri siti.<\/p>\n<p><strong>\u2013_fbp.<\/strong> Utilizzato da Meta per fornire una serie di prodotti pubblicitari come le offerte in tempo reale da parte di inserzionisti di terze parti<\/p>\n<p><strong>\u2013wp-wpml_current_language.<\/strong> Memorizza la lingua corrente. Per impostazione predefinita, questo cookie viene impostato solo per gli utenti connessi. Se si abilita il cookie della lingua per supportare il filtro AJAX, questo cookie verr\u00e0 impostato anche per gli utenti non loggati.<\/p>\n<p><strong>3.MODIFIER LES COOKIES VIA LE NAVIGATEUR<\/strong><\/p>\n<p>L&rsquo;Utilisateur peut autoriser, bloquer ou supprimer (tout ou partie) des cookies gr\u00e2ce aux fonctions sp\u00e9cifiques du navigateur qu&rsquo;il utilise ou gr\u00e2ce \u00e0 des modules compl\u00e9mentaires tiers. Toutefois, la d\u00e9sactivation des cookies techniques du Site peut entra\u00eener le dysfonctionnement de certains des services offerts par le Site (par exemple, l&rsquo;Utilisateur peut \u00eatre contraint de modifier ou de saisir manuellement certaines informations ou \u00e0 chaque visite du Site).<\/p>\n<p>Pour de plus amples informations sur la mani\u00e8re de d\u00e9finir les pr\u00e9f\u00e9rences relatives \u00e0 l&rsquo;utilisation des cookies par le biais de votre navigateur, l&rsquo;utilisateur est invit\u00e9 \u00e0 consulter les instructions suivantes:<\/p>\n<p><a href=\"https:\/\/support.microsoft.com\/it-it\/windows\/eliminare-e-gestire-i-cookie-168dab11-0753-043d-7c16-ede5947fc64d\" target=\"_blank\" rel=\"noopener\">Internet Explorer<\/a><\/p>\n<p><a href=\"https:\/\/support.mozilla.org\/en-US\/kb\/enhanced-tracking-protection-firefox-desktop?redirectslug=enable-and-disable-cookies-website-preferences&amp;redirectlocale=en-US\" target=\"_blank\" rel=\"noopener\">Firefox<\/a><\/p>\n<p><a href=\"https:\/\/support.apple.com\/it-it\/guide\/safari\/sfri11471\/mac\" target=\"_blank\" rel=\"noopener\">Safari<\/a><\/p>\n<p><a href=\"https:\/\/support.google.com\/chrome\/answer\/95647?hl=en\" target=\"_blank\" rel=\"noopener\">Chrome<\/a><\/p>\n\t\t\t\t\t\t\t\t<\/div>\n\t\t\t\t<\/div>\n\t\t\t\t\t<\/div>\n\t\t<\/div>\n\t\t\t\t\t<\/div>\n\t\t<\/section>\n\t\t\t\t<\/div>\n\t\t","protected":false},"excerpt":{"rendered":"<p>Politique de cookies La pr\u00e9sente politique en mati\u00e8re de cookies fait partie int\u00e9grante de la politique de confidentialit\u00e9 de Starswiss2013 SA disponible ici. 1.D\u00c9FINITIONS ET CARACT\u00c9RISTIQUES DES COOKIES Les cookies et les technologies connexes sont des \u00e9l\u00e9ments d&rsquo;information que les sites web et les applis envoient ou lisent sur vos appareils lorsque vous les visitez [&hellip;]<\/p>\n","protected":false},"author":2,"featured_media":0,"parent":0,"menu_order":0,"comment_status":"closed","ping_status":"closed","template":"elementor_header_footer","meta":{"site-sidebar-layout":"no-sidebar","site-content-layout":"page-builder","ast-site-content-layout":"default","site-content-style":"default","site-sidebar-style":"default","ast-global-header-display":"","ast-banner-title-visibility":"","ast-main-header-display":"","ast-hfb-above-header-display":"","ast-hfb-below-header-display":"","ast-hfb-mobile-header-display":"","site-post-title":"disabled","ast-breadcrumbs-content":"","ast-featured-img":"disabled","footer-sml-layout":"","ast-disable-related-posts":"","theme-transparent-header-meta":"","adv-header-id-meta":"","stick-header-meta":"","header-above-stick-meta":"","header-main-stick-meta":"","header-below-stick-meta":"","astra-migrate-meta-layouts":"default","ast-page-background-enabled":"default","ast-page-background-meta":{"desktop":{"background-color":"var(--ast-global-color-4)","background-image":"","background-repeat":"repeat","background-position":"center center","background-size":"auto","background-attachment":"scroll","background-type":"","background-media":"","overlay-type":"","overlay-color":"","overlay-opacity":"","overlay-gradient":""},"tablet":{"background-color":"","background-image":"","background-repeat":"repeat","background-position":"center center","background-size":"auto","background-attachment":"scroll","background-type":"","background-media":"","overlay-type":"","overlay-color":"","overlay-opacity":"","overlay-gradient":""},"mobile":{"background-color":"","background-image":"","background-repeat":"repeat","background-position":"center center","background-size":"auto","background-attachment":"scroll","background-type":"","background-media":"","overlay-type":"","overlay-color":"","overlay-opacity":"","overlay-gradient":""}},"ast-content-background-meta":{"desktop":{"background-color":"var(--ast-global-color-5)","background-image":"","background-repeat":"repeat","background-position":"center center","background-size":"auto","background-attachment":"scroll","background-type":"","background-media":"","overlay-type":"","overlay-color":"","overlay-opacity":"","overlay-gradient":""},"tablet":{"background-color":"var(--ast-global-color-5)","background-image":"","background-repeat":"repeat","background-position":"center center","background-size":"auto","background-attachment":"scroll","background-type":"","background-media":"","overlay-type":"","overlay-color":"","overlay-opacity":"","overlay-gradient":""},"mobile":{"background-color":"var(--ast-global-color-5)","background-image":"","background-repeat":"repeat","background-position":"center center","background-size":"auto","background-attachment":"scroll","background-type":"","background-media":"","overlay-type":"","overlay-color":"","overlay-opacity":"","overlay-gradient":""}},"footnotes":""},"class_list":["post-37095","page","type-page","status-publish","hentry"],"_links":{"self":[{"href":"https:\/\/starsbeoriginal.com\/fr\/wp-json\/wp\/v2\/pages\/37095","targetHints":{"allow":["GET"]}}],"collection":[{"href":"https:\/\/starsbeoriginal.com\/fr\/wp-json\/wp\/v2\/pages"}],"about":[{"href":"https:\/\/starsbeoriginal.com\/fr\/wp-json\/wp\/v2\/types\/page"}],"author":[{"embeddable":true,"href":"https:\/\/starsbeoriginal.com\/fr\/wp-json\/wp\/v2\/users\/2"}],"replies":[{"embeddable":true,"href":"https:\/\/starsbeoriginal.com\/fr\/wp-json\/wp\/v2\/comments?post=37095"}],"version-history":[{"count":2,"href":"https:\/\/starsbeoriginal.com\/fr\/wp-json\/wp\/v2\/pages\/37095\/revisions"}],"predecessor-version":[{"id":38531,"href":"https:\/\/starsbeoriginal.com\/fr\/wp-json\/wp\/v2\/pages\/37095\/revisions\/38531"}],"wp:attachment":[{"href":"https:\/\/starsbeoriginal.com\/fr\/wp-json\/wp\/v2\/media?parent=37095"}],"curies":[{"name":"wp","href":"https:\/\/api.w.org\/{rel}","templated":true}]}}